{"id":3,"date":"2023-08-14T11:08:55","date_gmt":"2023-08-14T09:08:55","guid":{"rendered":"https:\/\/jordigost.com\/?page_id=3"},"modified":"2023-09-28T12:33:42","modified_gmt":"2023-09-28T10:33:42","slug":"politica-privacidad","status":"publish","type":"page","link":"https:\/\/www.jordigost.com\/en\/politica-privacidad\/","title":{"rendered":"Privacy Policy"},"content":{"rendered":"<div data-elementor-type=\"wp-page\" data-elementor-id=\"3\" class=\"elementor elementor-3\">\n\t\t\t\t<div class=\"elementor-element elementor-element-44ea412 e-con-full e-flex e-con e-parent\" data-id=\"44ea412\" data-element_type=\"container\">\n\t\t<div class=\"elementor-element elementor-element-a24a091 e-con-full e-flex e-con e-child\" data-id=\"a24a091\" data-element_type=\"container\">\n\t\t\t\t<div class=\"elementor-element elementor-element-42bf7f1 elementor-widget elementor-widget-heading\" data-id=\"42bf7f1\" data-element_type=\"widget\" data-widget_type=\"heading.default\">\n\t\t\t\t<div class=\"elementor-widget-container\">\n\t\t\t\t\t<h1 class=\"elementor-heading-title elementor-size-default\">Privacy Policy<\/h1>\t\t\t\t<\/div>\n\t\t\t\t<\/div>\n\t\t\t\t<div class=\"elementor-element elementor-element-5d62fd7 elementor-widget elementor-widget-heading\" data-id=\"5d62fd7\" data-element_type=\"widget\" data-widget_type=\"heading.default\">\n\t\t\t\t<div class=\"elementor-widget-container\">\n\t\t\t\t\t<h2 class=\"elementor-heading-title elementor-size-default\">1. Datos del responsable del tratamiento de sus datos<\/h2>\t\t\t\t<\/div>\n\t\t\t\t<\/div>\n\t\t\t\t<div class=\"elementor-element elementor-element-7fdc9cc elementor-widget elementor-widget-text-editor\" data-id=\"7fdc9cc\" data-element_type=\"widget\" data-widget_type=\"text-editor.default\">\n\t\t\t\t<div class=\"elementor-widget-container\">\n\t\t\t\t\t\t\t\t\t<p>Denominaci\u00f3n Social: Jordi Gost<br \/>Domicilio Social: Carrer de Pompeu Gener, 12, 08003, Barcelona, Espa\u00f1a<br \/>NIF: 53623400G<br \/>Tel\u00e9fono: +34 647886554<br \/>Email:\u00a0<a style=\"font-family: var( --e-global-typography-text-font-family ), Sans-serif; font-size: var( --e-global-typography-text-font-size ); font-weight: var( --e-global-typography-text-font-weight ); text-align: var(--text-align); background-color: #f4f4f4; outline: 0px;\" href=\"mailto:info@jordigost.com\" target=\"_blank\" rel=\"noopener\">info@jordigost.com<\/a><\/p>\t\t\t\t\t\t\t\t<\/div>\n\t\t\t\t<\/div>\n\t\t\t\t<div class=\"elementor-element elementor-element-cc30b7d elementor-widget elementor-widget-heading\" data-id=\"cc30b7d\" data-element_type=\"widget\" data-widget_type=\"heading.default\">\n\t\t\t\t<div class=\"elementor-widget-container\">\n\t\t\t\t\t<h2 class=\"elementor-heading-title elementor-size-default\">2. Normativa aplicable<\/h2>\t\t\t\t<\/div>\n\t\t\t\t<\/div>\n\t\t\t\t<div class=\"elementor-element elementor-element-99f0445 elementor-widget elementor-widget-text-editor\" data-id=\"99f0445\" data-element_type=\"widget\" data-widget_type=\"text-editor.default\">\n\t\t\t\t<div class=\"elementor-widget-container\">\n\t\t\t\t\t\t\t\t\t<p class=\"p1\">Nuestra Pol\u00edtica de Privacidad se ha dise\u00f1ado de acuerdo con el Reglamento General de Protecci\u00f3n de Datos de la UE 2016\/679 del Parlamento Europeo y del Consejo, de 27 de abril de 2016, relativo a la protecci\u00f3n de las personas f\u00edsicas en lo que respecta al tratamiento de datos personales y a la libre circulaci\u00f3n de estos datos y por el que se deroga la Directiva 95\/46\/CE (Reglamento general de protecci\u00f3n de datos), y la Ley Org\u00e1nica 3\/2018 del 5 de diciembre, de Protecci\u00f3n de Datos de Car\u00e1cter Personal y Garant\u00eda de los Derechos Digitales.<br \/>Al facilitarnos sus datos, Usted declara haber le\u00eddo y conocer la presente Pol\u00edtica de Privacidad, prestando su consentimiento inequ\u00edvoco y expreso al tratamiento de sus datos personales de acuerdo a las finalidades y t\u00e9rminos aqu\u00ed expresados.<br \/>Jordi Gost\u00a0podr\u00e1 modificar la presente Pol\u00edtica de Privacidad para adaptarla a las novedades legislativas, jurisprudenciales o de interpretaci\u00f3n de la Agencia Espa\u00f1ola de Protecci\u00f3n de Datos.<br \/>Estas condiciones de privacidad podr\u00e1n ser complementadas por la\u00a0Pol\u00edtica de Cookies\u00a0que, en su caso, se recojan para determinados productos o servicios, si dicho acceso supone alguna especialidad en materia de protecci\u00f3n de datos de car\u00e1cter personal.<\/p>\t\t\t\t\t\t\t\t<\/div>\n\t\t\t\t<\/div>\n\t\t\t\t<div class=\"elementor-element elementor-element-6417a26 elementor-widget elementor-widget-heading\" data-id=\"6417a26\" data-element_type=\"widget\" data-widget_type=\"heading.default\">\n\t\t\t\t<div class=\"elementor-widget-container\">\n\t\t\t\t\t<h2 class=\"elementor-heading-title elementor-size-default\">3. Finalidad del Tratamiento de los Datos Personales<\/h2>\t\t\t\t<\/div>\n\t\t\t\t<\/div>\n\t\t\t\t<div class=\"elementor-element elementor-element-98c4959 elementor-widget elementor-widget-text-editor\" data-id=\"98c4959\" data-element_type=\"widget\" data-widget_type=\"text-editor.default\">\n\t\t\t\t<div class=\"elementor-widget-container\">\n\t\t\t\t\t\t\t\t\t<p class=\"p1\">El tratamiento que realizamos de sus datos personales responde a la finalidad de atender las solicitudes enviadas a trav\u00e9s del formulario de contacto.<br \/>Datos recabados: nombre, apellido y direcci\u00f3n de correo electr\u00f3nico.<br \/>Te recordamos que puedes oponerte al env\u00edo de comunicaciones comerciales por cualquier v\u00eda y en cualquier momento, remitiendo un correo electr\u00f3nico a la direcci\u00f3n indicada anteriormente.<span class=\"Apple-converted-space\">\u00a0<\/span><\/p>\t\t\t\t\t\t\t\t<\/div>\n\t\t\t\t<\/div>\n\t\t\t\t<div class=\"elementor-element elementor-element-eaae622 elementor-widget elementor-widget-heading\" data-id=\"eaae622\" data-element_type=\"widget\" data-widget_type=\"heading.default\">\n\t\t\t\t<div class=\"elementor-widget-container\">\n\t\t\t\t\t<h2 class=\"elementor-heading-title elementor-size-default\">3.1. Plazo de Conservaci\u00f3n de sus datos<\/h2>\t\t\t\t<\/div>\n\t\t\t\t<\/div>\n\t\t\t\t<div class=\"elementor-element elementor-element-9e329bd elementor-widget elementor-widget-text-editor\" data-id=\"9e329bd\" data-element_type=\"widget\" data-widget_type=\"text-editor.default\">\n\t\t\t\t<div class=\"elementor-widget-container\">\n\t\t\t\t\t\t\t\t\t<p class=\"p1\">Los datos personales proporcionados por el usuario se conservar\u00e1n mientras se mantenga la relaci\u00f3n comercial o no se solicite su supresi\u00f3n por el interesado.<\/p>\t\t\t\t\t\t\t\t<\/div>\n\t\t\t\t<\/div>\n\t\t\t\t<div class=\"elementor-element elementor-element-c9ae497 elementor-widget elementor-widget-heading\" data-id=\"c9ae497\" data-element_type=\"widget\" data-widget_type=\"heading.default\">\n\t\t\t\t<div class=\"elementor-widget-container\">\n\t\t\t\t\t<h2 class=\"elementor-heading-title elementor-size-default\">4. Legitimaci\u00f3n y Datos Recabados<\/h2>\t\t\t\t<\/div>\n\t\t\t\t<\/div>\n\t\t\t\t<div class=\"elementor-element elementor-element-7145384 elementor-widget elementor-widget-text-editor\" data-id=\"7145384\" data-element_type=\"widget\" data-widget_type=\"text-editor.default\">\n\t\t\t\t<div class=\"elementor-widget-container\">\n\t\t\t\t\t\t\t\t\t<p class=\"p1\">La legitimaci\u00f3n para el tratamiento de sus datos es el consentimiento expreso otorgado mediante un acto positivo y afirmativo (rellenar el formulario correspondiente y marcar la casilla de aceptaci\u00f3n de esta pol\u00edtica) en el momento de facilitarnos sus datos personales.<\/p>\t\t\t\t\t\t\t\t<\/div>\n\t\t\t\t<\/div>\n\t\t\t\t<div class=\"elementor-element elementor-element-ab4f962 elementor-widget elementor-widget-heading\" data-id=\"ab4f962\" data-element_type=\"widget\" data-widget_type=\"heading.default\">\n\t\t\t\t<div class=\"elementor-widget-container\">\n\t\t\t\t\t<h2 class=\"elementor-heading-title elementor-size-default\">4.1. Consentimiento para tratar sus datos<\/h2>\t\t\t\t<\/div>\n\t\t\t\t<\/div>\n\t\t\t\t<div class=\"elementor-element elementor-element-86d8dab elementor-widget elementor-widget-text-editor\" data-id=\"86d8dab\" data-element_type=\"widget\" data-widget_type=\"text-editor.default\">\n\t\t\t\t<div class=\"elementor-widget-container\">\n\t\t\t\t\t\t\t\t\t<p class=\"p1\">Al rellenar los formularios, marcar la casilla \u201cHe le\u00eddo y acepto la\u00a0Pol\u00edtica de Privacidad\u201d y hacer clic para enviar los datos, o al remitir correos electr\u00f3nicos a Jordi Gost\u00a0a trav\u00e9s de las cuentas habilitadas al efecto, el Usuario manifiesta haber le\u00eddo y aceptado expresamente la presente pol\u00edtica de privacidad, y otorga su consentimiento inequ\u00edvoco y expreso al tratamiento de sus datos personales conforme a las finalidades indicadas.<\/p>\t\t\t\t\t\t\t\t<\/div>\n\t\t\t\t<\/div>\n\t\t\t\t<div class=\"elementor-element elementor-element-60657e9 elementor-widget elementor-widget-heading\" data-id=\"60657e9\" data-element_type=\"widget\" data-widget_type=\"heading.default\">\n\t\t\t\t<div class=\"elementor-widget-container\">\n\t\t\t\t\t<h2 class=\"elementor-heading-title elementor-size-default\">4.2. Categor\u00edas de datos<\/h2>\t\t\t\t<\/div>\n\t\t\t\t<\/div>\n\t\t\t\t<div class=\"elementor-element elementor-element-a2f75c8 elementor-widget elementor-widget-text-editor\" data-id=\"a2f75c8\" data-element_type=\"widget\" data-widget_type=\"text-editor.default\">\n\t\t\t\t<div class=\"elementor-widget-container\">\n\t\t\t\t\t\t\t\t\t<p class=\"p1\">Los datos recabados corresponden a la categor\u00eda de datos personales e incluyen: nombre, apellido y email y son facilitados por el Usuario a trav\u00e9s del formulario de contacto.\u00a0Tambi\u00e9n se recogen datos de navegaci\u00f3n en aquellos casos en los que el usuario haya aceptado la\u00a0Pol\u00edtica de Cookies.<\/p>\t\t\t\t\t\t\t\t<\/div>\n\t\t\t\t<\/div>\n\t\t\t\t<div class=\"elementor-element elementor-element-6f515b5 elementor-widget elementor-widget-heading\" data-id=\"6f515b5\" data-element_type=\"widget\" data-widget_type=\"heading.default\">\n\t\t\t\t<div class=\"elementor-widget-container\">\n\t\t\t\t\t<h2 class=\"elementor-heading-title elementor-size-default\">4.3. Cesi\u00f3n de Datos<\/h2>\t\t\t\t<\/div>\n\t\t\t\t<\/div>\n\t\t\t\t<div class=\"elementor-element elementor-element-69bc1f4 elementor-widget elementor-widget-text-editor\" data-id=\"69bc1f4\" data-element_type=\"widget\" data-widget_type=\"text-editor.default\">\n\t\t\t\t<div class=\"elementor-widget-container\">\n\t\t\t\t\t\t\t\t\t<p class=\"p1\">No se prev\u00e9n cesiones de datos ni transferencias internacionales de sus datos, a excepci\u00f3n de las autorizadas por la legislaci\u00f3n fiscal, mercantil y de telecomunicaciones as\u00ed como en aquellos casos en los que una autoridad judicial nos lo requiera.<\/p>\t\t\t\t\t\t\t\t<\/div>\n\t\t\t\t<\/div>\n\t\t\t\t<div class=\"elementor-element elementor-element-9f4bbd3 elementor-widget elementor-widget-heading\" data-id=\"9f4bbd3\" data-element_type=\"widget\" data-widget_type=\"heading.default\">\n\t\t\t\t<div class=\"elementor-widget-container\">\n\t\t\t\t\t<h2 class=\"elementor-heading-title elementor-size-default\">5. Medidas de Seguridad<\/h2>\t\t\t\t<\/div>\n\t\t\t\t<\/div>\n\t\t\t\t<div class=\"elementor-element elementor-element-5176634 elementor-widget elementor-widget-text-editor\" data-id=\"5176634\" data-element_type=\"widget\" data-widget_type=\"text-editor.default\">\n\t\t\t\t<div class=\"elementor-widget-container\">\n\t\t\t\t\t\t\t\t\t<p class=\"p1\">Dentro de nuestro compromiso por garantizar la seguridad y confidencialidad de sus datos de car\u00e1cter personal, le informamos que se han adoptado las medidas de \u00edndole t\u00e9cnica y organizativas necesarias para garantizar la seguridad de los datos de car\u00e1cter personal y evitar su alteraci\u00f3n, p\u00e9rdida, tratamiento o acceso no autorizado, habida cuenta del estado de la tecnolog\u00eda, la naturaleza de los datos almacenados y los riesgos a que est\u00e9n expuestos, seg\u00fan el Art. 32 del RGPD EU 679\/2016.<\/p>\t\t\t\t\t\t\t\t<\/div>\n\t\t\t\t<\/div>\n\t\t\t\t<div class=\"elementor-element elementor-element-8a65e88 elementor-widget elementor-widget-heading\" data-id=\"8a65e88\" data-element_type=\"widget\" data-widget_type=\"heading.default\">\n\t\t\t\t<div class=\"elementor-widget-container\">\n\t\t\t\t\t<h2 class=\"elementor-heading-title elementor-size-default\">6. Derechos del Usuario<\/h2>\t\t\t\t<\/div>\n\t\t\t\t<\/div>\n\t\t\t\t<div class=\"elementor-element elementor-element-35daebd elementor-widget elementor-widget-text-editor\" data-id=\"35daebd\" data-element_type=\"widget\" data-widget_type=\"text-editor.default\">\n\t\t\t\t<div class=\"elementor-widget-container\">\n\t\t\t\t\t\t\t\t\t<p class=\"p1\">Cualquier interesado tiene derecho a obtener confirmaci\u00f3n sobre si estamos tratando datos personales que le conciernan, o no. Las personas interesadas tienen derecho a acceder a sus datos personales, as\u00ed como a solicitar la rectificaci\u00f3n de los datos inexactos o, en su caso, solicitar su supresi\u00f3n cuando, entre otros motivos, los datos ya no sean necesarios para los fines que fueron recogidos. En determinadas circunstancias, los interesados podr\u00e1n solicitar la limitaci\u00f3n del tratamiento de sus datos, en cuyo caso \u00fanicamente los conservaremos para el ejercicio o la defensa de reclamaciones. Por motivos relacionados con su situaci\u00f3n particular, los interesados podr\u00e1n oponerse al tratamiento de sus datos. El Responsable del fichero dejar\u00e1 de tratar los datos, salvo por motivos leg\u00edtimos imperiosos, o el ejercicio o la defensa de posibles reclamaciones. De acuerdo con la legislaci\u00f3n vigente tiene los siguientes derechos: derecho a solicitar el acceso a sus datos personales, derecho a solicitar su rectificaci\u00f3n o supresi\u00f3n, derecho a solicitar la limitaci\u00f3n de su tratamiento, derecho a oponerse al tratamiento, derecho a la portabilidad de los datos y as\u00ed mismo, a revocar el consentimiento otorgado. Asimismo, tiene derecho a presentar una reclamaci\u00f3n ante la Agencia Espa\u00f1ola de Protecci\u00f3n de Datos.<\/p>\t\t\t\t\t\t\t\t<\/div>\n\t\t\t\t<\/div>\n\t\t\t\t<div class=\"elementor-element elementor-element-99493c4 elementor-widget elementor-widget-heading\" data-id=\"99493c4\" data-element_type=\"widget\" data-widget_type=\"heading.default\">\n\t\t\t\t<div class=\"elementor-widget-container\">\n\t\t\t\t\t<h2 class=\"elementor-heading-title elementor-size-default\">6.1. \u00bfC\u00f3mo ejercitar mis derechos?<\/h2>\t\t\t\t<\/div>\n\t\t\t\t<\/div>\n\t\t\t\t<div class=\"elementor-element elementor-element-d798b4f elementor-widget elementor-widget-text-editor\" data-id=\"d798b4f\" data-element_type=\"widget\" data-widget_type=\"text-editor.default\">\n\t\t\t\t<div class=\"elementor-widget-container\">\n\t\t\t\t\t\t\t\t\t<p>Para ejercer sus derechos, debe dirigirse al responsable, solicitando el correspondiente formulario para el ejercicio del derecho elegido. Opcionalmente, puede acudir a la Autoridad de Control competente para obtener informaci\u00f3n adicional acerca de sus derechos. Los datos de contacto para el ejercicio de sus derechos son el tel\u00e9fono +34 647886554\u00a0y el correo electr\u00f3nico:\u00a0<a href=\"mailto:info@jordigost.com\" target=\"_blank\" rel=\"noopener\">info@jordigost.com<\/a>\u00a0. Recuerde acompa\u00f1ar una copia de un documento que nos permita identificarle.<\/p>\t\t\t\t\t\t\t\t<\/div>\n\t\t\t\t<\/div>\n\t\t\t\t<div class=\"elementor-element elementor-element-ca4d950 elementor-widget elementor-widget-heading\" data-id=\"ca4d950\" data-element_type=\"widget\" data-widget_type=\"heading.default\">\n\t\t\t\t<div class=\"elementor-widget-container\">\n\t\t\t\t\t<h2 class=\"elementor-heading-title elementor-size-default\">7. Contacto<\/h2>\t\t\t\t<\/div>\n\t\t\t\t<\/div>\n\t\t\t\t<div class=\"elementor-element elementor-element-c88a5ba elementor-widget elementor-widget-text-editor\" data-id=\"c88a5ba\" data-element_type=\"widget\" data-widget_type=\"text-editor.default\">\n\t\t\t\t<div class=\"elementor-widget-container\">\n\t\t\t\t\t\t\t\t\t<p>Para cualquier asunto relacionado con el tratamiento de datos de personas f\u00edsicas por parte de Jordi Gost podr\u00e1 escribir a la siguiente direcci\u00f3n de correo electr\u00f3nico: <a href=\"mailto:info@jordigost.com\" target=\"_blank\" rel=\"noopener\">info@jordigost.com<\/a>.<\/p>\t\t\t\t\t\t\t\t<\/div>\n\t\t\t\t<\/div>\n\t\t\t\t<\/div>\n\t\t\t\t<\/div>\n\t\t\t\t<\/div>","protected":false},"excerpt":{"rendered":"<p>Pol\u00edtica de Privacidad 1. Datos del responsable del tratamiento de sus datos Denominaci\u00f3n Social: Jordi GostDomicilio Social: Carrer de Pompeu Gener, 12, 08003, Barcelona, Espa\u00f1aNIF: 53623400GTel\u00e9fono: +34 647886554Email:\u00a0info@jordigost.com 2. Normativa aplicable Nuestra Pol\u00edtica de Privacidad se ha dise\u00f1ado de acuerdo con el Reglamento General de Protecci\u00f3n de Datos de la UE 2016\/679 del Parlamento Europeo &hellip;<\/p>\n<p class=\"read-more\"> <a class=\"\" href=\"https:\/\/www.jordigost.com\/en\/politica-privacidad\/\"> <span class=\"screen-reader-text\">Privacy Policy<\/span> Read More &raquo;<\/a><\/p>","protected":false},"author":1,"featured_media":0,"parent":0,"menu_order":0,"comment_status":"closed","ping_status":"open","template":"","meta":{"inline_featured_image":false,"site-sidebar-layout":"no-sidebar","site-content-layout":"","ast-site-content-layout":"full-width-container","site-content-style":"default","site-sidebar-style":"default","ast-global-header-display":"","ast-banner-title-visibility":"","ast-main-header-display":"","ast-hfb-above-header-display":"","ast-hfb-below-header-display":"","ast-hfb-mobile-header-display":"","site-post-title":"disabled","ast-breadcrumbs-content":"","ast-featured-img":"disabled","footer-sml-layout":"","theme-transparent-header-meta":"","adv-header-id-meta":"","stick-header-meta":"","header-above-stick-meta":"","header-main-stick-meta":"","header-below-stick-meta":"","astra-migrate-meta-layouts":"","footnotes":""},"yoast_head":"<!-- This site is optimized with the Yoast SEO plugin v22.6 - https:\/\/yoast.com\/wordpress\/plugins\/seo\/ -->\n<title>Pol\u00edtica de Privacidad - Jordi Gost<\/title>\n<meta name=\"robots\" content=\"index, follow, max-snippet:-1, max-image-preview:large, max-video-preview:-1\" \/>\n<link rel=\"canonical\" href=\"https:\/\/www.jordigost.com\/en\/politica-privacidad\/\" \/>\n<meta property=\"og:locale\" content=\"en_GB\" \/>\n<meta property=\"og:type\" content=\"article\" \/>\n<meta property=\"og:title\" content=\"Pol\u00edtica de Privacidad - Jordi Gost\" \/>\n<meta property=\"og:description\" content=\"Pol\u00edtica de Privacidad 1. Datos del responsable del tratamiento de sus datos Denominaci\u00f3n Social: Jordi GostDomicilio Social: Carrer de Pompeu Gener, 12, 08003, Barcelona, Espa\u00f1aNIF: 53623400GTel\u00e9fono: +34 647886554Email:\u00a0info@jordigost.com 2. Normativa aplicable Nuestra Pol\u00edtica de Privacidad se ha dise\u00f1ado de acuerdo con el Reglamento General de Protecci\u00f3n de Datos de la UE 2016\/679 del Parlamento Europeo &hellip; Pol\u00edtica de Privacidad Read More &raquo;\" \/>\n<meta property=\"og:url\" content=\"https:\/\/www.jordigost.com\/en\/politica-privacidad\/\" \/>\n<meta property=\"og:site_name\" content=\"Jordi Gost\" \/>\n<meta property=\"article:modified_time\" content=\"2023-09-28T10:33:42+00:00\" \/>\n<meta name=\"twitter:card\" content=\"summary_large_image\" \/>\n<meta name=\"twitter:label1\" content=\"Estimated reading time\" \/>\n\t<meta name=\"twitter:data1\" content=\"4 minutes\" \/>\n<script type=\"application\/ld+json\" class=\"yoast-schema-graph\">{\"@context\":\"https:\/\/schema.org\",\"@graph\":[{\"@type\":\"WebPage\",\"@id\":\"https:\/\/www.jordigost.com\/politica-privacidad\/\",\"url\":\"https:\/\/www.jordigost.com\/politica-privacidad\/\",\"name\":\"Pol\u00edtica de Privacidad - Jordi Gost\",\"isPartOf\":{\"@id\":\"https:\/\/www.jordigost.com\/#website\"},\"datePublished\":\"2023-08-14T09:08:55+00:00\",\"dateModified\":\"2023-09-28T10:33:42+00:00\",\"breadcrumb\":{\"@id\":\"https:\/\/www.jordigost.com\/politica-privacidad\/#breadcrumb\"},\"inLanguage\":\"en-GB\",\"potentialAction\":[{\"@type\":\"ReadAction\",\"target\":[\"https:\/\/www.jordigost.com\/politica-privacidad\/\"]}]},{\"@type\":\"BreadcrumbList\",\"@id\":\"https:\/\/www.jordigost.com\/politica-privacidad\/#breadcrumb\",\"itemListElement\":[{\"@type\":\"ListItem\",\"position\":1,\"name\":\"Home\",\"item\":\"https:\/\/www.jordigost.com\/\"},{\"@type\":\"ListItem\",\"position\":2,\"name\":\"Pol\u00edtica de Privacidad\"}]},{\"@type\":\"WebSite\",\"@id\":\"https:\/\/www.jordigost.com\/#website\",\"url\":\"https:\/\/www.jordigost.com\/\",\"name\":\"Jordi Gost - Locutor y Actor de Voz\",\"description\":\"Locutor y Actor de Voz Online\",\"publisher\":{\"@id\":\"https:\/\/www.jordigost.com\/#\/schema\/person\/9ba6f13a871dea8c1edecea0e510fc31\"},\"potentialAction\":[{\"@type\":\"SearchAction\",\"target\":{\"@type\":\"EntryPoint\",\"urlTemplate\":\"https:\/\/www.jordigost.com\/?s={search_term_string}\"},\"query-input\":\"required name=search_term_string\"}],\"inLanguage\":\"en-GB\"},{\"@type\":[\"Person\",\"Organization\"],\"@id\":\"https:\/\/www.jordigost.com\/#\/schema\/person\/9ba6f13a871dea8c1edecea0e510fc31\",\"name\":\"Jordii_Gt\",\"image\":{\"@type\":\"ImageObject\",\"inLanguage\":\"en-GB\",\"@id\":\"https:\/\/www.jordigost.com\/#\/schema\/person\/image\/\",\"url\":\"https:\/\/www.jordigost.com\/wp-content\/uploads\/2023\/09\/Group-99.svg\",\"contentUrl\":\"https:\/\/www.jordigost.com\/wp-content\/uploads\/2023\/09\/Group-99.svg\",\"width\":142,\"height\":53,\"caption\":\"Jordii_Gt\"},\"logo\":{\"@id\":\"https:\/\/www.jordigost.com\/#\/schema\/person\/image\/\"},\"sameAs\":[\"https:\/\/www.jordigost.com\"]}]}<\/script>\n<!-- \/ Yoast SEO plugin. -->","yoast_head_json":{"title":"Pol\u00edtica de Privacidad - Jordi Gost","robots":{"index":"index","follow":"follow","max-snippet":"max-snippet:-1","max-image-preview":"max-image-preview:large","max-video-preview":"max-video-preview:-1"},"canonical":"https:\/\/www.jordigost.com\/en\/politica-privacidad\/","og_locale":"en_GB","og_type":"article","og_title":"Pol\u00edtica de Privacidad - Jordi Gost","og_description":"Pol\u00edtica de Privacidad 1. Datos del responsable del tratamiento de sus datos Denominaci\u00f3n Social: Jordi GostDomicilio Social: Carrer de Pompeu Gener, 12, 08003, Barcelona, Espa\u00f1aNIF: 53623400GTel\u00e9fono: +34 647886554Email:\u00a0info@jordigost.com 2. Normativa aplicable Nuestra Pol\u00edtica de Privacidad se ha dise\u00f1ado de acuerdo con el Reglamento General de Protecci\u00f3n de Datos de la UE 2016\/679 del Parlamento Europeo &hellip; Pol\u00edtica de Privacidad Read More &raquo;","og_url":"https:\/\/www.jordigost.com\/en\/politica-privacidad\/","og_site_name":"Jordi Gost","article_modified_time":"2023-09-28T10:33:42+00:00","twitter_card":"summary_large_image","twitter_misc":{"Estimated reading time":"4 minutes"},"schema":{"@context":"https:\/\/schema.org","@graph":[{"@type":"WebPage","@id":"https:\/\/www.jordigost.com\/politica-privacidad\/","url":"https:\/\/www.jordigost.com\/politica-privacidad\/","name":"Pol\u00edtica de Privacidad - Jordi Gost","isPartOf":{"@id":"https:\/\/www.jordigost.com\/#website"},"datePublished":"2023-08-14T09:08:55+00:00","dateModified":"2023-09-28T10:33:42+00:00","breadcrumb":{"@id":"https:\/\/www.jordigost.com\/politica-privacidad\/#breadcrumb"},"inLanguage":"en-GB","potentialAction":[{"@type":"ReadAction","target":["https:\/\/www.jordigost.com\/politica-privacidad\/"]}]},{"@type":"BreadcrumbList","@id":"https:\/\/www.jordigost.com\/politica-privacidad\/#breadcrumb","itemListElement":[{"@type":"ListItem","position":1,"name":"Home","item":"https:\/\/www.jordigost.com\/"},{"@type":"ListItem","position":2,"name":"Pol\u00edtica de Privacidad"}]},{"@type":"WebSite","@id":"https:\/\/www.jordigost.com\/#website","url":"https:\/\/www.jordigost.com\/","name":"Jordi Gost - Locutor y Actor de Voz","description":"Locutor y Actor de Voz Online","publisher":{"@id":"https:\/\/www.jordigost.com\/#\/schema\/person\/9ba6f13a871dea8c1edecea0e510fc31"},"potentialAction":[{"@type":"SearchAction","target":{"@type":"EntryPoint","urlTemplate":"https:\/\/www.jordigost.com\/?s={search_term_string}"},"query-input":"required name=search_term_string"}],"inLanguage":"en-GB"},{"@type":["Person","Organization"],"@id":"https:\/\/www.jordigost.com\/#\/schema\/person\/9ba6f13a871dea8c1edecea0e510fc31","name":"Jordii_Gt","image":{"@type":"ImageObject","inLanguage":"en-GB","@id":"https:\/\/www.jordigost.com\/#\/schema\/person\/image\/","url":"https:\/\/www.jordigost.com\/wp-content\/uploads\/2023\/09\/Group-99.svg","contentUrl":"https:\/\/www.jordigost.com\/wp-content\/uploads\/2023\/09\/Group-99.svg","width":142,"height":53,"caption":"Jordii_Gt"},"logo":{"@id":"https:\/\/www.jordigost.com\/#\/schema\/person\/image\/"},"sameAs":["https:\/\/www.jordigost.com"]}]}},"_links":{"self":[{"href":"https:\/\/www.jordigost.com\/en\/wp-json\/wp\/v2\/pages\/3"}],"collection":[{"href":"https:\/\/www.jordigost.com\/en\/wp-json\/wp\/v2\/pages"}],"about":[{"href":"https:\/\/www.jordigost.com\/en\/wp-json\/wp\/v2\/types\/page"}],"author":[{"embeddable":true,"href":"https:\/\/www.jordigost.com\/en\/wp-json\/wp\/v2\/users\/1"}],"replies":[{"embeddable":true,"href":"https:\/\/www.jordigost.com\/en\/wp-json\/wp\/v2\/comments?post=3"}],"version-history":[{"count":33,"href":"https:\/\/www.jordigost.com\/en\/wp-json\/wp\/v2\/pages\/3\/revisions"}],"predecessor-version":[{"id":14537,"href":"https:\/\/www.jordigost.com\/en\/wp-json\/wp\/v2\/pages\/3\/revisions\/14537"}],"wp:attachment":[{"href":"https:\/\/www.jordigost.com\/en\/wp-json\/wp\/v2\/media?parent=3"}],"curies":[{"name":"wp","href":"https:\/\/api.w.org\/{rel}","templated":true}]}}